{"id":1693,"date":"2019-07-31T01:13:18","date_gmt":"2019-07-31T01:13:18","guid":{"rendered":"http:\/\/source.wpopal.com\/spker\/?page_id=1693"},"modified":"2026-02-04T13:08:16","modified_gmt":"2026-02-04T13:08:16","slug":"contact-us","status":"publish","type":"page","link":"https:\/\/devpubevents.ma\/index.php\/contact-us\/","title":{"rendered":"Contactez-nous"},"content":{"rendered":"\t\t<div data-elementor-type=\"wp-post\" data-elementor-id=\"1693\" class=\"elementor elementor-1693\">\n\t\t\t\t\t\t<div class=\"has_eae_slider elementor-section elementor-top-section elementor-element elementor-element-380ccda elementor-section-stretched elementor-section-full_width elementor-section-height-min-height elementor-section-height-default elementor-section-items-middle\" data-id=\"380ccda\" data-element_type=\"section\" data-settings=\"{&quot;stretch_section&quot;:&quot;section-stretched&quot;}\">\n\t\t\t\t\t\t<div class=\"elementor-container elementor-column-gap-no\">\n\t\t\t\t\t<div class=\"has_eae_slider elementor-column elementor-col-100 elementor-top-column elementor-element elementor-element-92aaaf8\" data-id=\"92aaaf8\" data-element_type=\"column\">\n\t\t\t<div class=\"elementor-widget-wrap elementor-element-populated\">\n\t\t\t\t\t\t<div class=\"elementor-element elementor-element-37188c5 animated-fast elementor-invisible elementor-widget elementor-widget-google_maps\" data-id=\"37188c5\" data-element_type=\"widget\" data-settings=\"{&quot;_animation&quot;:&quot;opal-move-up&quot;,&quot;_animation_delay&quot;:100}\" data-widget_type=\"google_maps.default\">\n\t\t\t\t<div class=\"elementor-widget-container\">\n\t\t\t\t\t\t\t<div class=\"elementor-custom-embed\">\n\t\t\t<iframe loading=\"lazy\"\n\t\t\t\t\tsrc=\"https:\/\/maps.google.com\/maps?q=devpub%20solution&#038;t=m&#038;z=14&#038;output=embed&#038;iwloc=near\"\n\t\t\t\t\ttitle=\"devpub solution\"\n\t\t\t\t\taria-label=\"devpub solution\"\n\t\t\t><\/iframe>\n\t\t<\/div>\n\t\t\t\t\t\t<\/div>\n\t\t\t\t<\/div>\n\t\t\t\t\t<\/div>\n\t\t<\/div>\n\t\t\t\t\t<\/div>\n\t\t<\/div>\n\t\t\t\t<div class=\"has_eae_slider elementor-section elementor-top-section elementor-element elementor-element-09666a0 animated-fast elementor-section-stretched elementor-section-boxed elementor-section-height-default elementor-section-height-default elementor-invisible\" data-id=\"09666a0\" data-element_type=\"section\" data-settings=\"{&quot;animation&quot;:&quot;opal-move-up&quot;,&quot;stretch_section&quot;:&quot;section-stretched&quot;}\">\n\t\t\t\t\t\t<div class=\"elementor-container elementor-column-gap-no\">\n\t\t\t\t\t<div class=\"has_eae_slider elementor-column elementor-col-100 elementor-top-column elementor-element elementor-element-8d16603\" data-id=\"8d16603\" data-element_type=\"column\" data-settings=\"{&quot;background_background&quot;:&quot;classic&quot;}\">\n\t\t\t<div class=\"elementor-widget-wrap elementor-element-populated\">\n\t\t\t\t\t\t<div class=\"elementor-element elementor-element-333154c animated-fast elementor-invisible elementor-widget elementor-widget-heading\" data-id=\"333154c\" data-element_type=\"widget\" data-settings=\"{&quot;_animation&quot;:&quot;opal-move-up&quot;}\" data-widget_type=\"heading.default\">\n\t\t\t\t<div class=\"elementor-widget-container\">\n\t\t\t\t\t<div class=\"heading-decor\"><svg version=\"1.1\" xmlns=\"http:\/\/www.w3.org\/2000\/svg\" x=\"0\" y=\"0\" viewBox=\"0 0 35.3 16\" xml:space=\"preserve\"><g class=\"nc-icon-wrapper\" stroke=\"none\"><path fill-rule=\"evenodd\" clip-rule=\"evenodd\" d=\"M2.7 0C1.2 0 0 1.2 0 2.7c0 1.5 1.2 2.7 2.7 2.7 1.5 0 2.7-1.2 2.7-2.7C5.3 1.2 4.1 0 2.7 0zm0 10.7c-1.5 0-2.7 1.2-2.7 2.7C0 14.8 1.2 16 2.7 16c1.5 0 2.7-1.2 2.7-2.7-.1-1.4-1.3-2.6-2.7-2.6zM12.7 0C11.2 0 10 1.2 10 2.7c0 1.5 1.2 2.7 2.7 2.7 1.5 0 2.7-1.2 2.7-2.7-.1-1.5-1.3-2.7-2.7-2.7zm0 10.7c-1.5 0-2.7 1.2-2.7 2.7 0 1.5 1.2 2.7 2.7 2.7 1.5 0 2.7-1.2 2.7-2.7-.1-1.5-1.3-2.7-2.7-2.7zM22.7 0C21.2 0 20 1.2 20 2.7c0 1.5 1.2 2.7 2.7 2.7s2.7-1.2 2.7-2.7C25.3 1.2 24.1 0 22.7 0zm0 10.7c-1.5 0-2.7 1.2-2.7 2.7 0 1.5 1.2 2.7 2.7 2.7s2.7-1.2 2.7-2.7c-.1-1.5-1.3-2.7-2.7-2.7zm10-5.4c1.5 0 2.7-1.2 2.7-2.7 0-1.5-1.2-2.7-2.7-2.7C31.2 0 30 1.2 30 2.7c0 1.4 1.2 2.6 2.7 2.6zm0 5.4c-1.5 0-2.7 1.2-2.7 2.7 0 1.5 1.2 2.7 2.7 2.7 1.5 0 2.7-1.2 2.7-2.7-.1-1.5-1.3-2.7-2.7-2.7z\"\/><\/g><\/svg><\/div><h2 class=\"elementor-heading-title elementor-size-default\">Contactez-nous<\/h2>\t\t\t\t<\/div>\n\t\t\t\t<\/div>\n\t\t\t\t<div class=\"elementor-element elementor-element-e43035c elementor-wpcf7-button-xl elementor-align-justify elementor-wpcf7-button-primary_gradient elementor-widget elementor-widget-opal-contactform7\" data-id=\"e43035c\" data-element_type=\"widget\" data-widget_type=\"opal-contactform7.default\">\n\t\t\t\t<div class=\"elementor-widget-container\">\n\t\t\t\t\t\n<div class=\"wpcf7 no-js\" id=\"wpcf7-f2045-o1\" lang=\"en-US\" dir=\"ltr\" data-wpcf7-id=\"2045\">\n<div class=\"screen-reader-response\"><p role=\"status\" aria-live=\"polite\" aria-atomic=\"true\"><\/p> <ul><\/ul><\/div>\n<form action=\"\/index.php\/wp-json\/wp\/v2\/pages\/1693#wpcf7-f2045-o1\" method=\"post\" class=\"wpcf7-form init\" aria-label=\"Contact form\" novalidate=\"novalidate\" data-status=\"init\">\n<div style=\"display: none;\">\n<input type=\"hidden\" name=\"_wpcf7\" value=\"2045\" \/>\n<input type=\"hidden\" name=\"_wpcf7_version\" value=\"6.0.4\" \/>\n<input type=\"hidden\" name=\"_wpcf7_locale\" value=\"en_US\" \/>\n<input type=\"hidden\" name=\"_wpcf7_unit_tag\" value=\"wpcf7-f2045-o1\" \/>\n<input type=\"hidden\" name=\"_wpcf7_container_post\" value=\"0\" \/>\n<input type=\"hidden\" name=\"_wpcf7_posted_data_hash\" value=\"\" \/>\n<\/div>\n<div class=\"row\">\n\t<div class=\"col-md-6 col-sm-12\">\n\t\t<div class=\"mb-4\">\n\t\t\t<p><span class=\"wpcf7-form-control-wrap\" data-name=\"nom_complet\"><input size=\"40\" maxlength=\"400\" class=\"wpcf7-form-control wpcf7-text wpcf7-validates-as-required\" id=\"form-name\" aria-required=\"true\" aria-invalid=\"false\" placeholder=\"Nom complet *\" value=\"\" type=\"text\" name=\"nom_complet\" \/><\/span>\n\t\t\t<\/p>\n\t\t<\/div>\n\t<\/div>\n\t<div class=\"col-md-6 col-sm-12\">\n\t\t<div class=\"mb-4\">\n\t\t\t<p><span class=\"wpcf7-form-control-wrap\" data-name=\"email\"><input size=\"40\" maxlength=\"400\" class=\"wpcf7-form-control wpcf7-email wpcf7-validates-as-required wpcf7-text wpcf7-validates-as-email\" id=\"form-email\" aria-required=\"true\" aria-invalid=\"false\" placeholder=\"Email *\" value=\"\" type=\"email\" name=\"email\" \/><\/span>\n\t\t\t<\/p>\n\t\t<\/div>\n\t<\/div>\n<\/div>\n<div class=\"mb-4\">\n\t<p><span class=\"wpcf7-form-control-wrap\" data-name=\"Phone\"><input size=\"40\" maxlength=\"400\" class=\"wpcf7-form-control wpcf7-text wpcf7-validates-as-required\" id=\"phone\" aria-required=\"true\" aria-invalid=\"false\" placeholder=\"Num\u00e9ro de t\u00e9l\u00e9phone *\" value=\"\" type=\"text\" name=\"Phone\" \/><\/span>\n\t<\/p>\n<\/div>\n<div class=\"mb-4\">\n\t<p><span class=\"wpcf7-form-control-wrap\" data-name=\"ville\"><input size=\"40\" maxlength=\"400\" class=\"wpcf7-form-control wpcf7-text wpcf7-validates-as-required\" id=\"ville\" aria-required=\"true\" aria-invalid=\"false\" placeholder=\"Villle d\u2019\u00e9v\u00e9nement*\" value=\"\" type=\"text\" name=\"ville\" \/><\/span>\n\t<\/p>\n<\/div>\n\n<!-- Ajoutez ce select ici -->\n<div class=\"mb-4\">\n\t<p><span class=\"wpcf7-form-control-wrap\" data-name=\"evenement\"><select class=\"wpcf7-form-control wpcf7-select wpcf7-validates-as-required\" id=\"formEvenemt\" aria-required=\"true\" aria-invalid=\"false\" name=\"evenement\"><option value=\"Quel est votre \u00e9v\u00e9nement...\">Quel est votre \u00e9v\u00e9nement...<\/option><option value=\"Mariage\">Mariage<\/option><option value=\"Soiree sp\u00e9ciale\">Soiree sp\u00e9ciale<\/option><option value=\"Conf\u00e9rence de presse\">Conf\u00e9rence de presse<\/option><option value=\"Autre\">Autre<\/option><\/select><\/span>\n\t<\/p>\n<\/div>\n<div class=\"mb-4\">\n\t<p><span class=\"wpcf7-form-control-wrap\" data-name=\"Message\"><textarea cols=\"40\" rows=\"5\" maxlength=\"2000\" class=\"wpcf7-form-control wpcf7-textarea wpcf7-validates-as-required\" aria-required=\"true\" aria-invalid=\"false\" placeholder=\"Votre message *\" name=\"Message\"><\/textarea><\/span>\n\t<\/p>\n<\/div>\n<p><button type=\"submit\" value=\"Submit\"><span>Envoyer ma demande<\/span><\/button>\n<\/p><div class=\"wpcf7-response-output\" aria-hidden=\"true\"><\/div>\n<\/form>\n<\/div>\n\t\t\t\t<\/div>\n\t\t\t\t<\/div>\n\t\t\t\t\t<\/div>\n\t\t<\/div>\n\t\t\t\t\t<\/div>\n\t\t<\/div>\n\t\t\t\t<div class=\"has_eae_slider elementor-section elementor-top-section elementor-element elementor-element-bd9f087 elementor-section-stretched elementor-section-content-top elementor-section-boxed elementor-section-height-default elementor-section-height-default\" data-id=\"bd9f087\" data-element_type=\"section\" data-settings=\"{&quot;stretch_section&quot;:&quot;section-stretched&quot;}\">\n\t\t\t\t\t\t<div class=\"elementor-container elementor-column-gap-no\">\n\t\t\t\t\t<div class=\"has_eae_slider elementor-column elementor-col-20 elementor-top-column elementor-element elementor-element-6d7d41b animated-fast elementor-invisible\" data-id=\"6d7d41b\" data-element_type=\"column\" data-settings=\"{&quot;animation&quot;:&quot;opal-move-up&quot;,&quot;animation_delay&quot;:100}\">\n\t\t\t<div class=\"elementor-widget-wrap elementor-element-populated\">\n\t\t\t\t\t\t<div class=\"elementor-element elementor-element-58fe9cf elementor-view-stacked elementor-shape-square elementor-position-top icon-box-default elementor-vertical-align-top elementor-widget elementor-widget-icon-box\" data-id=\"58fe9cf\" data-element_type=\"widget\" data-widget_type=\"icon-box.default\">\n\t\t\t\t<div class=\"elementor-widget-container\">\n\t\t\t\t\t        <div class=\"elementor-icon-box-wrapper\">\n                    <div class=\"elementor-icon-box-icon\">\n            <a class=\"elementor-icon elementor-animation-\" href=\"https:\/\/g.co\/kgs\/qd1SXDG\" target=\"_blank\">\n            <svg aria-hidden=\"true\" class=\"e-font-icon-svg e-fas-map-marker-alt\" viewBox=\"0 0 384 512\" xmlns=\"http:\/\/www.w3.org\/2000\/svg\"><path d=\"M172.268 501.67C26.97 291.031 0 269.413 0 192 0 85.961 85.961 0 192 0s192 85.961 192 192c0 77.413-26.97 99.031-172.268 309.67-9.535 13.774-29.93 13.773-39.464 0zM192 272c44.183 0 80-35.817 80-80s-35.817-80-80-80-80 35.817-80 80 35.817 80 80 80z\"><\/path><\/svg>            <\/a>\n            <\/div>\n                <div class=\"elementor-icon-box-content\">\n            <h3 class=\"elementor-icon-box-title\">\n                <a href=\"https:\/\/g.co\/kgs\/qd1SXDG\" target=\"_blank\">D\u00e9tails de l'adresse<\/a>\n            <\/h3>\n            <p class=\"elementor-icon-box-description\">Devpub Solution, Espace RAYANE 2, 7e \u00e9tage, Lotissement Prestigia Lot FC08, Champs de course,\u00a0F\u00e8s\u00a030000<\/p>\n            <\/div>\n        <\/div>\n        \t\t\t\t<\/div>\n\t\t\t\t<\/div>\n\t\t\t\t\t<\/div>\n\t\t<\/div>\n\t\t\t\t<div class=\"has_eae_slider elementor-column elementor-col-20 elementor-top-column elementor-element elementor-element-5af80c6\" data-id=\"5af80c6\" data-element_type=\"column\">\n\t\t\t<div class=\"elementor-widget-wrap elementor-element-populated\">\n\t\t\t\t\t\t<div class=\"elementor-element elementor-element-cb02a5c animated-fast elementor-widget-divider--view-line elementor-invisible elementor-widget elementor-widget-divider\" data-id=\"cb02a5c\" data-element_type=\"widget\" data-settings=\"{&quot;_animation&quot;:&quot;opal-move-up&quot;,&quot;_animation_delay&quot;:200}\" data-widget_type=\"divider.default\">\n\t\t\t\t<div class=\"elementor-widget-container\">\n\t\t\t\t\t\t\t<div class=\"elementor-divider\">\n\t\t\t<span class=\"elementor-divider-separator\">\n\t\t\t\t\t\t<\/span>\n\t\t<\/div>\n\t\t\t\t\t\t<\/div>\n\t\t\t\t<\/div>\n\t\t\t\t\t<\/div>\n\t\t<\/div>\n\t\t\t\t<div class=\"has_eae_slider elementor-column elementor-col-20 elementor-top-column elementor-element elementor-element-33e4299 animated-fast elementor-invisible\" data-id=\"33e4299\" data-element_type=\"column\" data-settings=\"{&quot;animation&quot;:&quot;opal-move-up&quot;,&quot;animation_delay&quot;:300,&quot;background_background&quot;:&quot;classic&quot;}\">\n\t\t\t<div class=\"elementor-widget-wrap elementor-element-populated\">\n\t\t\t\t\t\t<div class=\"elementor-element elementor-element-bc5ce08 elementor-view-stacked elementor-shape-square elementor-position-top icon-box-default elementor-vertical-align-top elementor-widget elementor-widget-icon-box\" data-id=\"bc5ce08\" data-element_type=\"widget\" data-widget_type=\"icon-box.default\">\n\t\t\t\t<div class=\"elementor-widget-container\">\n\t\t\t\t\t        <div class=\"elementor-icon-box-wrapper\">\n                    <div class=\"elementor-icon-box-icon\">\n            <a class=\"elementor-icon elementor-animation-\" href=\"mailto:contact@devpubevents.ma\" target=\"_blank\">\n            <i aria-hidden=\"true\" class=\"opal-icon- opal-icon-email\"><\/i>            <\/a>\n            <\/div>\n                <div class=\"elementor-icon-box-content\">\n            <h3 class=\"elementor-icon-box-title\">\n                <a href=\"mailto:contact@devpubevents.ma\" target=\"_blank\">Envoyez-nous un email<\/a>\n            <\/h3>\n            <p class=\"elementor-icon-box-description\">contact@devpubevents.ma<\/p>\n            <\/div>\n        <\/div>\n        \t\t\t\t<\/div>\n\t\t\t\t<\/div>\n\t\t\t\t\t<\/div>\n\t\t<\/div>\n\t\t\t\t<div class=\"has_eae_slider elementor-column elementor-col-20 elementor-top-column elementor-element elementor-element-73061df animated-fast elementor-invisible\" data-id=\"73061df\" data-element_type=\"column\" data-settings=\"{&quot;animation&quot;:&quot;opal-move-up&quot;,&quot;animation_delay&quot;:400}\">\n\t\t\t<div class=\"elementor-widget-wrap elementor-element-populated\">\n\t\t\t\t\t\t<div class=\"elementor-element elementor-element-77566fa elementor-widget-divider--view-line elementor-widget elementor-widget-divider\" data-id=\"77566fa\" data-element_type=\"widget\" data-widget_type=\"divider.default\">\n\t\t\t\t<div class=\"elementor-widget-container\">\n\t\t\t\t\t\t\t<div class=\"elementor-divider\">\n\t\t\t<span class=\"elementor-divider-separator\">\n\t\t\t\t\t\t<\/span>\n\t\t<\/div>\n\t\t\t\t\t\t<\/div>\n\t\t\t\t<\/div>\n\t\t\t\t\t<\/div>\n\t\t<\/div>\n\t\t\t\t<div class=\"has_eae_slider elementor-column elementor-col-20 elementor-top-column elementor-element elementor-element-2a675c8 animated-fast elementor-invisible\" data-id=\"2a675c8\" data-element_type=\"column\" data-settings=\"{&quot;animation&quot;:&quot;opal-move-up&quot;,&quot;animation_delay&quot;:500}\">\n\t\t\t<div class=\"elementor-widget-wrap elementor-element-populated\">\n\t\t\t\t\t\t<div class=\"elementor-element elementor-element-1fa0ce1 elementor-view-stacked elementor-shape-square elementor-position-top icon-box-default elementor-vertical-align-top elementor-widget elementor-widget-icon-box\" data-id=\"1fa0ce1\" data-element_type=\"widget\" data-widget_type=\"icon-box.default\">\n\t\t\t\t<div class=\"elementor-widget-container\">\n\t\t\t\t\t        <div class=\"elementor-icon-box-wrapper\">\n                    <div class=\"elementor-icon-box-icon\">\n            <a class=\"elementor-icon elementor-animation-\" href=\"tel:+212%20661%20527%20052\">\n            <svg aria-hidden=\"true\" class=\"e-font-icon-svg e-fas-phone\" viewBox=\"0 0 512 512\" xmlns=\"http:\/\/www.w3.org\/2000\/svg\"><path d=\"M493.4 24.6l-104-24c-11.3-2.6-22.9 3.3-27.5 13.9l-48 112c-4.2 9.8-1.4 21.3 6.9 28l60.6 49.6c-36 76.7-98.9 140.5-177.2 177.2l-49.6-60.6c-6.8-8.3-18.2-11.1-28-6.9l-112 48C3.9 366.5-2 378.1.6 389.4l24 104C27.1 504.2 36.7 512 48 512c256.1 0 464-207.5 464-464 0-11.2-7.7-20.9-18.6-23.4z\"><\/path><\/svg>            <\/a>\n            <\/div>\n                <div class=\"elementor-icon-box-content\">\n            <h3 class=\"elementor-icon-box-title\">\n                <a href=\"tel:+212%20661%20527%20052\">Num\u00e9ro de t\u00e9l\u00e9phone<\/a>\n            <\/h3>\n            <p class=\"elementor-icon-box-description\">+212 661 527 052\n<br>\n+212 663 351 816 <\/p>\n            <\/div>\n        <\/div>\n        \t\t\t\t<\/div>\n\t\t\t\t<\/div>\n\t\t\t\t\t<\/div>\n\t\t<\/div>\n\t\t\t\t\t<\/div>\n\t\t<\/div>\n\t\t\t\t<\/div>\n\t\t","protected":false},"excerpt":{"rendered":"<p>Contactez-nous Quel est votre \u00e9v\u00e9nement&#8230;MariageSoiree sp\u00e9cialeConf\u00e9rence de presseAutre Envoyer ma demande D\u00e9tails de l&#8217;adresse Devpub Solution, Espace RAYANE 2, 7e \u00e9tage, Lotissement Prestigia Lot FC08, Champs de course,\u00a0F\u00e8s\u00a030000 Envoyez-nous un email contact@devpubevents.ma Num\u00e9ro de t\u00e9l\u00e9phone +212 661 527 052 +212 663 351 816<\/p>\n","protected":false},"author":1,"featured_media":0,"parent":0,"menu_order":0,"comment_status":"closed","ping_status":"closed","template":"page-elementor.php","meta":{"footnotes":""},"class_list":["post-1693","page","type-page","status-publish","hentry"],"yoast_head":"<!-- This site is optimized with the Yoast SEO plugin v24.8.1 - https:\/\/yoast.com\/wordpress\/plugins\/seo\/ -->\n<title>Contactez-nous - DEVPUB EVENTS<\/title>\n<meta name=\"description\" content=\"Contactez-nous pour organiser vos \u00e9v\u00e9nements avec Agence \u00c9v\u00e9nementielle Maroc et b\u00e9n\u00e9ficiez de solutions sur mesure.\" \/>\n<meta name=\"robots\" content=\"index, follow, max-snippet:-1, max-image-preview:large, max-video-preview:-1\" \/>\n<link rel=\"canonical\" href=\"https:\/\/devpubevents.ma\/index.php\/contact-us\/\" \/>\n<meta property=\"og:locale\" content=\"en_GB\" \/>\n<meta property=\"og:type\" content=\"article\" \/>\n<meta property=\"og:title\" content=\"Contactez-nous - DEVPUB EVENTS\" \/>\n<meta property=\"og:description\" content=\"Contactez-nous pour organiser vos \u00e9v\u00e9nements avec Agence \u00c9v\u00e9nementielle Maroc et b\u00e9n\u00e9ficiez de solutions sur mesure.\" \/>\n<meta property=\"og:url\" content=\"https:\/\/devpubevents.ma\/index.php\/contact-us\/\" \/>\n<meta property=\"og:site_name\" content=\"DEVPUB EVENTS\" \/>\n<meta property=\"article:modified_time\" content=\"2026-02-04T13:08:16+00:00\" \/>\n<meta name=\"twitter:card\" content=\"summary_large_image\" \/>\n<meta name=\"twitter:label1\" content=\"Estimated reading time\" \/>\n\t<meta name=\"twitter:data1\" content=\"1 minute\" \/>\n<script type=\"application\/ld+json\" class=\"yoast-schema-graph\">{\"@context\":\"https:\/\/schema.org\",\"@graph\":[{\"@type\":\"WebPage\",\"@id\":\"https:\/\/devpubevents.ma\/index.php\/contact-us\/\",\"url\":\"https:\/\/devpubevents.ma\/index.php\/contact-us\/\",\"name\":\"Contactez-nous - DEVPUB EVENTS\",\"isPartOf\":{\"@id\":\"https:\/\/devpubevents.ma\/#website\"},\"datePublished\":\"2019-07-31T01:13:18+00:00\",\"dateModified\":\"2026-02-04T13:08:16+00:00\",\"description\":\"Contactez-nous pour organiser vos \u00e9v\u00e9nements avec Agence \u00c9v\u00e9nementielle Maroc et b\u00e9n\u00e9ficiez de solutions sur mesure.\",\"breadcrumb\":{\"@id\":\"https:\/\/devpubevents.ma\/index.php\/contact-us\/#breadcrumb\"},\"inLanguage\":\"en-GB\",\"potentialAction\":[{\"@type\":\"ReadAction\",\"target\":[\"https:\/\/devpubevents.ma\/index.php\/contact-us\/\"]}]},{\"@type\":\"BreadcrumbList\",\"@id\":\"https:\/\/devpubevents.ma\/index.php\/contact-us\/#breadcrumb\",\"itemListElement\":[{\"@type\":\"ListItem\",\"position\":1,\"name\":\"Home\",\"item\":\"https:\/\/devpubevents.ma\/\"},{\"@type\":\"ListItem\",\"position\":2,\"name\":\"Contactez-nous\"}]},{\"@type\":\"WebSite\",\"@id\":\"https:\/\/devpubevents.ma\/#website\",\"url\":\"https:\/\/devpubevents.ma\/\",\"name\":\"DEVPUB EVENTS\",\"description\":\"\",\"publisher\":{\"@id\":\"https:\/\/devpubevents.ma\/#organization\"},\"potentialAction\":[{\"@type\":\"SearchAction\",\"target\":{\"@type\":\"EntryPoint\",\"urlTemplate\":\"https:\/\/devpubevents.ma\/?s={search_term_string}\"},\"query-input\":{\"@type\":\"PropertyValueSpecification\",\"valueRequired\":true,\"valueName\":\"search_term_string\"}}],\"inLanguage\":\"en-GB\"},{\"@type\":\"Organization\",\"@id\":\"https:\/\/devpubevents.ma\/#organization\",\"name\":\"DEVPUB EVENTS\",\"url\":\"https:\/\/devpubevents.ma\/\",\"logo\":{\"@type\":\"ImageObject\",\"inLanguage\":\"en-GB\",\"@id\":\"https:\/\/devpubevents.ma\/#\/schema\/logo\/image\/\",\"url\":\"https:\/\/devpubevents.ma\/wp-content\/uploads\/2019\/07\/cropped-devpub-events-n-01.png\",\"contentUrl\":\"https:\/\/devpubevents.ma\/wp-content\/uploads\/2019\/07\/cropped-devpub-events-n-01.png\",\"width\":1075,\"height\":1075,\"caption\":\"DEVPUB EVENTS\"},\"image\":{\"@id\":\"https:\/\/devpubevents.ma\/#\/schema\/logo\/image\/\"}}]}<\/script>\n<!-- \/ Yoast SEO plugin. -->","yoast_head_json":{"title":"Contactez-nous - DEVPUB EVENTS","description":"Contactez-nous pour organiser vos \u00e9v\u00e9nements avec Agence \u00c9v\u00e9nementielle Maroc et b\u00e9n\u00e9ficiez de solutions sur mesure.","robots":{"index":"index","follow":"follow","max-snippet":"max-snippet:-1","max-image-preview":"max-image-preview:large","max-video-preview":"max-video-preview:-1"},"canonical":"https:\/\/devpubevents.ma\/index.php\/contact-us\/","og_locale":"en_GB","og_type":"article","og_title":"Contactez-nous - DEVPUB EVENTS","og_description":"Contactez-nous pour organiser vos \u00e9v\u00e9nements avec Agence \u00c9v\u00e9nementielle Maroc et b\u00e9n\u00e9ficiez de solutions sur mesure.","og_url":"https:\/\/devpubevents.ma\/index.php\/contact-us\/","og_site_name":"DEVPUB EVENTS","article_modified_time":"2026-02-04T13:08:16+00:00","twitter_card":"summary_large_image","twitter_misc":{"Estimated reading time":"1 minute"},"schema":{"@context":"https:\/\/schema.org","@graph":[{"@type":"WebPage","@id":"https:\/\/devpubevents.ma\/index.php\/contact-us\/","url":"https:\/\/devpubevents.ma\/index.php\/contact-us\/","name":"Contactez-nous - DEVPUB EVENTS","isPartOf":{"@id":"https:\/\/devpubevents.ma\/#website"},"datePublished":"2019-07-31T01:13:18+00:00","dateModified":"2026-02-04T13:08:16+00:00","description":"Contactez-nous pour organiser vos \u00e9v\u00e9nements avec Agence \u00c9v\u00e9nementielle Maroc et b\u00e9n\u00e9ficiez de solutions sur mesure.","breadcrumb":{"@id":"https:\/\/devpubevents.ma\/index.php\/contact-us\/#breadcrumb"},"inLanguage":"en-GB","potentialAction":[{"@type":"ReadAction","target":["https:\/\/devpubevents.ma\/index.php\/contact-us\/"]}]},{"@type":"BreadcrumbList","@id":"https:\/\/devpubevents.ma\/index.php\/contact-us\/#breadcrumb","itemListElement":[{"@type":"ListItem","position":1,"name":"Home","item":"https:\/\/devpubevents.ma\/"},{"@type":"ListItem","position":2,"name":"Contactez-nous"}]},{"@type":"WebSite","@id":"https:\/\/devpubevents.ma\/#website","url":"https:\/\/devpubevents.ma\/","name":"DEVPUB EVENTS","description":"","publisher":{"@id":"https:\/\/devpubevents.ma\/#organization"},"potentialAction":[{"@type":"SearchAction","target":{"@type":"EntryPoint","urlTemplate":"https:\/\/devpubevents.ma\/?s={search_term_string}"},"query-input":{"@type":"PropertyValueSpecification","valueRequired":true,"valueName":"search_term_string"}}],"inLanguage":"en-GB"},{"@type":"Organization","@id":"https:\/\/devpubevents.ma\/#organization","name":"DEVPUB EVENTS","url":"https:\/\/devpubevents.ma\/","logo":{"@type":"ImageObject","inLanguage":"en-GB","@id":"https:\/\/devpubevents.ma\/#\/schema\/logo\/image\/","url":"https:\/\/devpubevents.ma\/wp-content\/uploads\/2019\/07\/cropped-devpub-events-n-01.png","contentUrl":"https:\/\/devpubevents.ma\/wp-content\/uploads\/2019\/07\/cropped-devpub-events-n-01.png","width":1075,"height":1075,"caption":"DEVPUB EVENTS"},"image":{"@id":"https:\/\/devpubevents.ma\/#\/schema\/logo\/image\/"}}]}},"_links":{"self":[{"href":"https:\/\/devpubevents.ma\/index.php\/wp-json\/wp\/v2\/pages\/1693","targetHints":{"allow":["GET"]}}],"collection":[{"href":"https:\/\/devpubevents.ma\/index.php\/wp-json\/wp\/v2\/pages"}],"about":[{"href":"https:\/\/devpubevents.ma\/index.php\/wp-json\/wp\/v2\/types\/page"}],"author":[{"embeddable":true,"href":"https:\/\/devpubevents.ma\/index.php\/wp-json\/wp\/v2\/users\/1"}],"replies":[{"embeddable":true,"href":"https:\/\/devpubevents.ma\/index.php\/wp-json\/wp\/v2\/comments?post=1693"}],"version-history":[{"count":30,"href":"https:\/\/devpubevents.ma\/index.php\/wp-json\/wp\/v2\/pages\/1693\/revisions"}],"predecessor-version":[{"id":5380,"href":"https:\/\/devpubevents.ma\/index.php\/wp-json\/wp\/v2\/pages\/1693\/revisions\/5380"}],"wp:attachment":[{"href":"https:\/\/devpubevents.ma\/index.php\/wp-json\/wp\/v2\/media?parent=1693"}],"curies":[{"name":"wp","href":"https:\/\/api.w.org\/{rel}","templated":true}]}}